{"id":111,"date":"2015-04-05T18:42:04","date_gmt":"2015-04-05T16:42:04","guid":{"rendered":"http:\/\/syltopia.natuerlichsylt.net\/?page_id=111"},"modified":"2022-06-29T11:17:29","modified_gmt":"2022-06-29T09:17:29","slug":"syltbuecher","status":"publish","type":"page","link":"https:\/\/www.syltopia.de\/","title":{"rendered":"Syltb\u00fccher von Lothar Koch"},"content":{"rendered":"<section class=\"av_textblock_section \"  itemscope=\"itemscope\" itemtype=\"https:\/\/schema.org\/CreativeWork\" ><div class='avia_textblock  '   itemprop=\"text\" ><p><span data-mce-type=\"bookmark\" style=\"display: inline-block; width: 0px; overflow: hidden; line-height: 0;\" class=\"mce_SELRES_start\">\ufeff<\/span><\/p>\n<\/div><\/section>\n<div  style='padding-bottom:10px; font-size:28px;' class='av-special-heading av-special-heading-h4 meta-heading blockquote modern-quote modern-centered  avia-builder-el-1  el_after_av_textblock  el_before_av_textblock  av-inherit-size '><h4 class='av-special-heading-tag '  itemprop=\"headline\"  >Drei B\u00fccher f\u00fcr den perfekten Sylt Urlaub und f\u00fcr alle Sylter und dazu die Erlebnis-Expeditionen<\/h4><div class='special-heading-border'><div class='special-heading-inner-border' ><\/div><\/div><\/div>\n<section class=\"av_textblock_section \"  itemscope=\"itemscope\" itemtype=\"https:\/\/schema.org\/CreativeWork\" ><div class='avia_textblock  '   itemprop=\"text\" ><p><span data-mce-type=\"bookmark\" style=\"display: inline-block; width: 0px; overflow: hidden; line-height: 0;\" class=\"mce_SELRES_end\">\ufeff<\/span><\/p>\n<\/div><\/section>\n<div   data-autoplay='false'  data-interval='5'  data-animation='slide'  class='avia-logo-element-container av-border-deactivate avia-logo-grid avia-content-slider avia-smallarrow-slider avia-content-grid-active noHover avia-content-slider1 avia-content-slider-even  avia-builder-el-3  el_after_av_textblock  el_before_av_codeblock  ' ><div class='avia-smallarrow-slider-heading '><div class='new-special-heading'><h3 class=''>Der einzige Naturerlebnisf\u00fchrer Sylts & SYLTOPIA Die Doku-Fantasy & der Sylter Fastenwanderf\u00fchrer<\/h3><\/div><\/div><div class='avia-content-slider-inner'><div class='slide-entry-wrap' ><div  class='slide-entry flex_column no_margin post-entry slide-entry-overview slide-loop-1 slide-parity-odd  av_one_half first real-thumbnail'><span class='av-partner-fake-img' style='padding-bottom:147.46987951807%; background-image:url(https:\/\/www.syltopia.de\/wp-content\/uploads\/2020\/08\/Bildschirmfoto-2020-08-23-um-17.58.08.png);'><\/span><\/div><div  class='slide-entry flex_column no_margin post-entry slide-entry-overview slide-loop-2 slide-parity-even  av_one_half  real-thumbnail'><span class='av-partner-fake-img' style='padding-bottom:147.46987951807%; background-image:url(https:\/\/www.syltopia.de\/wp-content\/uploads\/2022\/05\/Syltopia-Mockup22.jpg);'><\/span><\/div><\/div><div class='slide-entry-wrap' ><div data-avia-tooltip=\"Co-Autor in Fit mit Fastenwandern von Heike Werner\" class='slide-entry flex_column no_margin post-entry slide-entry-overview slide-loop-3 slide-parity-odd  av_one_half first real-thumbnail'><a href='https:\/\/clarityverlag.de\/de\/shop\/edition-claritycollection\/fit-mit-fastenwandern-detail.html' data-rel='slide-1' class='slide-image' title='' target=\"_blank\" rel=\"noopener noreferrer\"><span class='av-partner-fake-img' style='padding-bottom:147.46987951807%; background-image:url(https:\/\/www.syltopia.de\/wp-content\/uploads\/2018\/12\/mediamodifier_image.jpg);'><\/span><\/a><\/div><div data-avia-tooltip=\"Informative Expeditionen die bewegen- (keine Fastenwanderungen).\" class='slide-entry flex_column no_margin post-entry slide-entry-overview slide-loop-4 slide-parity-even  post-entry-last  av_one_half  real-thumbnail'><a href='https:\/\/www.syltopia.de\/?page_id=842' data-rel='slide-1' class='slide-image' title=''  target=\"_blank\"  rel=\"noopener noreferrer\" ><span class='av-partner-fake-img' style='padding-bottom:147.46987951807%; background-image:url(https:\/\/www.syltopia.de\/wp-content\/uploads\/2020\/07\/Bildschirmfoto-2020-07-29-um-14.39.58.jpg);'><\/span><\/a><\/div><\/div><\/div><\/div>\n\n<div  class='avia-image-container  av-styling-    avia-builder-el-5  el_after_av_codeblock  el_before_av_button  avia-align-center '  itemprop=\"image\" itemscope=\"itemscope\" itemtype=\"https:\/\/schema.org\/ImageObject\"  ><div class='avia-image-container-inner'><div class='avia-image-overlay-wrap'><img class='wp-image-130 avia-img-lazy-loading-not-130 avia_image' src='https:\/\/www.syltopia.de\/wp-content\/uploads\/2015\/04\/SYLT_LOGO_4C_SLO-300x109.jpg' alt='' title='SYLT_LOGO_4C_SLO' height=\"109\" width=\"300\"  itemprop=\"thumbnailUrl\"  \/><\/div><\/div><\/div>\n<div  class='avia-button-wrap avia-button-center  avia-builder-el-6  el_after_av_image  el_before_av_heading ' ><a href='https:\/\/www.syltopia.de\/?page_id=138'  class='avia-button  avia-color-theme-color   avia-icon_select-yes-left-icon avia-size-small avia-position-center '   ><span class='avia_button_icon avia_button_icon_left ' aria-hidden='true' data-av_icon='\ue81f' data-av_iconfont='entypo-fontello'><\/span><span class='avia_iconbox_title' >Klick mich<\/span><\/a><\/div>\n<div  style='padding-bottom:10px; ' class='av-special-heading av-special-heading-h3    avia-builder-el-7  el_after_av_button  el_before_av_textblock  '><h3 class='av-special-heading-tag '  itemprop=\"headline\"  >Koch liest SYLTOPIA- <\/h3><div class='special-heading-border'><div class='special-heading-inner-border' ><\/div><\/div><\/div>\n<section class=\"av_textblock_section \"  itemscope=\"itemscope\" itemtype=\"https:\/\/schema.org\/CreativeWork\" ><div class='avia_textblock  '   itemprop=\"text\" ><p><strong>Haben Sie Interesse an einer\u00a0 Autorenlesung<\/strong> und Signierstunde f\u00fcr Ihre G\u00e4ste?<br \/>\nFragen Sie doch <a href=\"mailto:info@syltopia.de\" target=\"_blank\" rel=\"noopener\">bei mir<\/a> nach.<\/p>\n<p>N\u00e4chste Veranstaltung: 6.7.2022 ab 20 Uhr: <a href=\"https:\/\/lfbrecht.de\/projekte\/utopie-woche\/mitwirkende\/\">Auf dem Podium der &#8222;Utopie-Woche&#8220; im <strong>Brecht Haus Berlin.<\/strong><\/a><\/p>\n<p><strong>bisherige Lesungen:<\/strong><br \/>\nSch\u00f6pfwerk Keitum\/<strong>Sylt<\/strong><\/p>\n<p>Haus des Kurgastes, <strong>Juist<\/strong><\/p>\n<p>Bibliothek des Conversationshauses\/<strong>Norderney<\/strong><br \/>\n16.10.2018: <strong>Syltopia wird zur Doktorarbeit<\/strong> an der FU Berlin.Zum Artikel dazu \u00a0in der <a href=\"https:\/\/www.shz.de\/lokales\/sylter-rundschau\/mit-syltopia-zum-doktor-werden-id21356102.html\">Sylter Rundschau<\/a><\/p>\n<p>Zum <strong><a href=\"http:\/\/www.natuerlichsylt.net\/?p=1480\" target=\"_blank\" rel=\"noopener\">Interview mit Lothar Koch \u00fcber seinen Roman SYLTOPIA<\/a><\/strong><\/p>\n<p>Zum\u00a0<strong><a href=\"http:\/\/www.natuerlichsylt.net\/?p=1030\" target=\"_blank\" rel=\"noopener\">Radio-Interview: Der Autor mit Moderator Carsten K\u00f6the, RSH<\/a><br \/>\n<\/strong><\/p>\n<p><strong>Zum Fernsehbeitrag mit N3<\/strong> <a href=\"https:\/\/www.ndr.de\/fernsehen\/sendungen\/nordtour\/Nordtour-15022020,nordtour13434.html?fbclid=IwAR0ZIuVa-kTLiZi0MQTlF6xc84A1DuRQ07NcjH550bvp9Vk1Lwq4xZLTlPs\">auf Nordtour<\/a><\/p>\n<p>Zum Fernsehbeitrag mit WDR&amp;NDR:<strong>\u00a0Lothar Koch am Set ab <\/strong><a href=\"https:\/\/www.ardmediathek.de\/ard\/video\/wunderschoen\/sylt-fuer-alle\/wdr-fernsehen\/Y3JpZDovL3dkci5kZS9CZWl0cmFnLWRmMjJmY2ZkLTIyNGYtNDAyMy1hM2M2LTNmYjI5NTk5NTAxMA\/?fbclid=IwAR2dHwP03RKR1LNudJ5EHm2PSWiotx7f0eUTuFs_Cp0B6x-v0rXOWQ1bTW4\">Sende-Minute 64<\/a>:<\/p>\n<p>Lothar Koch als Wal-Experte im Nat\u00fcrlich Sylt Magazin der SMG:\u00a0<a href=\"https:\/\/www.syltopia.de\/wp-content\/uploads\/2015\/04\/natuerlich-sylt-sommer-2017.pdf\">natuerlich-sylt-sommer-2017<\/a><\/p>\n<p>Meditieren wie in SYLTOPIA: <a href=\"http:\/\/www.ocean-center.com\" target=\"_blank\" rel=\"noopener\">Yoga, Meditation und Workshops auf Sylt, z.Teil mit dem Autor<\/a><\/p>\n<\/div><\/section>\n","protected":false},"excerpt":{"rendered":"","protected":false},"author":2,"featured_media":0,"parent":0,"menu_order":0,"comment_status":"open","ping_status":"open","template":"","meta":{"jetpack_post_was_ever_published":false,"footnotes":""},"class_list":["post-111","page","type-page","status-publish","hentry"],"jetpack_sharing_enabled":true,"jetpack_shortlink":"https:\/\/wp.me\/P5YYdk-1N","_links":{"self":[{"href":"https:\/\/www.syltopia.de\/index.php?rest_route=\/wp\/v2\/pages\/111","targetHints":{"allow":["GET"]}}],"collection":[{"href":"https:\/\/www.syltopia.de\/index.php?rest_route=\/wp\/v2\/pages"}],"about":[{"href":"https:\/\/www.syltopia.de\/index.php?rest_route=\/wp\/v2\/types\/page"}],"author":[{"embeddable":true,"href":"https:\/\/www.syltopia.de\/index.php?rest_route=\/wp\/v2\/users\/2"}],"replies":[{"embeddable":true,"href":"https:\/\/www.syltopia.de\/index.php?rest_route=%2Fwp%2Fv2%2Fcomments&post=111"}],"version-history":[{"count":87,"href":"https:\/\/www.syltopia.de\/index.php?rest_route=\/wp\/v2\/pages\/111\/revisions"}],"predecessor-version":[{"id":1008,"href":"https:\/\/www.syltopia.de\/index.php?rest_route=\/wp\/v2\/pages\/111\/revisions\/1008"}],"wp:attachment":[{"href":"https:\/\/www.syltopia.de\/index.php?rest_route=%2Fwp%2Fv2%2Fmedia&parent=111"}],"curies":[{"name":"wp","href":"https:\/\/api.w.org\/{rel}","templated":true}]}}