{"id":177,"date":"2015-04-09T11:02:58","date_gmt":"2015-04-09T09:02:58","guid":{"rendered":"http:\/\/syltopia.natuerlichsylt.net\/?page_id=177"},"modified":"2015-04-11T18:49:59","modified_gmt":"2015-04-11T16:49:59","slug":"leseproben","status":"publish","type":"page","link":"https:\/\/www.syltopia.de\/?page_id=177","title":{"rendered":"Leseproben"},"content":{"rendered":"<p class=\"paragraph_style_2\"><strong>Teil I- \u00a0Beschreibung der Biotope, Geologisches und Geschichtliches<br \/>\n<\/strong><\/p>\n<p class=\"paragraph_style_2\"><strong>Sonderthema:<br \/>\n<\/strong><strong><span class=\"style_6\">Die Sylter H\u00fcnengr\u00e4ber: Tempel der Ahnen<a href=\"http:\/\/syltopia.natuerlichsylt.net\/wp-content\/uploads\/2015\/04\/P1060743.jpg\"><img loading=\"lazy\" decoding=\"async\" class=\"alignleft size-full wp-image-218\" src=\"http:\/\/syltopia.natuerlichsylt.net\/wp-content\/uploads\/2015\/04\/P1060743.jpg\" alt=\"P1060743\" width=\"259\" height=\"194\" \/><\/a><\/span><\/strong><\/p>\n<p class=\"paragraph_style_4\">Auf den drei nordfriesischen Inseln Sylt, Amrum und F\u00f6hr befanden sich fr\u00fcher so viele H\u00fcnengr\u00e4ber, dass Forscher von den \u00bbToteninseln\u00ab sprachen und annahmen, Bewohner des Festlandes h\u00e4tten ihre Verstorbenen hier aufwendig bestattet.<\/p>\n<p class=\"paragraph_style_4\">Insgesamt konnten von\u00a0Wissenschaftlern des arch\u00e4ologischen Landesamtes und ihren Vorg\u00e4ngern an die 400 Grabh\u00fcgel und insgesamt rund 1000 vor- und fr\u00fch geschichtliche Spuren auf der Inselgeest gefunden werden.<\/p>\n<p class=\"paragraph_style_4\"><a href=\"http:\/\/syltopia.natuerlichsylt.net\/wp-content\/uploads\/2015\/04\/seite131.jpg\"><img loading=\"lazy\" decoding=\"async\" class=\" size-full wp-image-223 alignright\" src=\"http:\/\/syltopia.natuerlichsylt.net\/wp-content\/uploads\/2015\/04\/seite131.jpg\" alt=\"seite131\" width=\"264\" height=\"170\" \/><\/a><\/p>\n<p class=\"paragraph_style_4\">Dazu geh\u00f6ren Gro\u00dfsteingr\u00e4ber aus der Jungsteinzeit (ca. 4000 bis 1700 v. Chr.), Grabh\u00fcgel aus der Bronzezeit (1700 bis 500 v. Chr.) und aus der Eisenzeit (500 v. Chr. bis 600 n. Chr.) und Gr\u00e4ber, Ringburgen, Acker- und Siedlungsreste aus der Wikingerzeit (ca. 800 bis 1100 n. Chr.).<\/p>\n<p class=\"paragraph_style_4\">Inzwischen wei\u00df man, dass die Inseln schon vor 5000 Jahren so dicht besiedelt waren, dass die gro\u00dfe Anzahl von gefundenen \u00bbRiesenbetten\u00ab erkl\u00e4rbar ist. Allein auf Sylt sind 46 steinzeitliche Megalithgr\u00e4ber belegt\u00a0und es gibt immer noch Grabh\u00fcgel, die gar nicht untersucht wurden.<\/p>\n<p>Leider sind heute nur noch acht davon zu sehen. Alle anderen wurden aus Unwissenheit, Unachtsamkeit, aus Not oder Gier zerst\u00f6rt oder vom\u00a0D\u00fcnensand versch\u00fcttet. So beklagt bereits 1858 ein Keitumer Lehrer die Ausbeutung der Jahrtausende alten Kultst\u00e4tten. Sie wurden gepl\u00fcndert in der Hoffnung, Grabbeigaben zu finden, aber sp\u00e4ter vor allem, um die&#8230;<\/p>\n<p class=\"paragraph_style_5\"><strong><span class=\"style_6\">Naturr\u00e4ume der Insel Sylt:<\/span><\/strong><br \/>\n<strong><span class=\"style_6\">Die Salzwiesen<img loading=\"lazy\" decoding=\"async\" class=\" size-full wp-image-212 alignright\" src=\"http:\/\/syltopia.natuerlichsylt.net\/wp-content\/uploads\/2015\/04\/IMG4_0010.jpg\" alt=\"IMG4_0010\" width=\"264\" height=\"172\" \/><\/span><\/strong><\/p>\n<p class=\"paragraph_style_6\">Die Sylter Salzwiesen geh\u00f6ren zu den oft \u00fcbersehenen nat\u00fcrlichen Klein-odien der Insel. In einem schmalen Streifen von streckenweise unter 100 Metern Breite gedeiht das sehr seltene \u00d6kosystem der Sandsalz-wiese im Windschatten der Insel zwischen D\u00fcne, Deich und Wattenmeer.<\/p>\n<p class=\"paragraph_style_6\">Die Salzmarschen zwischen H\u00f6rnum und Rantum z\u00e4hlen zu den naturbelassensten ihrer Art in ganz Schleswig-Holstein, denn sie sind zum Gro\u00dfteil nie von Vieh beweidet worden. Besonders zwischen Juni und Oktober pr\u00e4sentieren sich die vom Meer immer wieder \u00fcberfluteten Salz-grasl\u00e4nder in einer st\u00e4ndig wechselnden Farbenpracht. Rosa \u00fcberzieht die Strandnelke schon im zeitigen Fr\u00fchjahr das satte Gr\u00fcn des salztoleranten Rotschwingelrasens. Im Hochsommer f\u00e4rbt sich der tief-erliegende und damit h\u00e4ufiger den Fluten ausgesetzte Andelgrasbereich in ein bril-lierendes Lila. Diese Augenweide bietet der aufbl\u00fch-ende Wattflieder (Bondestave, Widersto\u00df),dessen Bl\u00e4tter denen der Zitronenb\u00e4ume gleichen und daher botanisch \u00bbLimonium vulgare\u00ab hei\u00dft. Im Herbst beginnt ein genereller Farbumschlag der Salzwiesen von Gr\u00fcn \u00fcber alle Rotstufen in die unscheinbar grau-gr\u00fcnbraune Winterfarbe.<a href=\"http:\/\/syltopia.natuerlichsylt.net\/wp-content\/uploads\/2015\/04\/Artenseite5.jpg\"><img loading=\"lazy\" decoding=\"async\" class=\" size-full wp-image-209 alignright\" src=\"http:\/\/syltopia.natuerlichsylt.net\/wp-content\/uploads\/2015\/04\/Artenseite5.jpg\" alt=\"Artenseite5\" width=\"264\" height=\"177\" \/><\/a><a href=\"http:\/\/syltopia.natuerlichsylt.net\/wp-content\/uploads\/2015\/04\/IMG_7801.jpg\"><img loading=\"lazy\" decoding=\"async\" class=\"alignleft size-full wp-image-210\" src=\"http:\/\/syltopia.natuerlichsylt.net\/wp-content\/uploads\/2015\/04\/IMG_7801.jpg\" alt=\"IMG_7801\" width=\"264\" height=\"176\" \/><\/a><\/p>\n<p class=\"paragraph_style_6\">\n<p class=\"paragraph_style_6\">\n<p class=\"paragraph_style_6\">\n<p class=\"paragraph_style_6\">\n<p class=\"paragraph_style_6\">Zum Saisonende stirbt die bekannteste Pflanze der Verlandungszone\u00a0ab: der kaktus\u00e4hnlich gewachsene, dickfleischige Queller. Im Herbst hat der \u00bbPionier der Salzwiese\u00ab so viel des im \u00dcberma\u00df sch\u00e4dlichen Meersalzes angereichert, dass seine Zellen platzen. Chemische Vorg\u00e4nge im Innern der Pflanze f\u00fchren dann zu dem Farbumschlag. Zuvor hat jede Quellerpflanze jedoch ausreichend im Salzwasser keimf\u00e4hige Samen gebildet, um f\u00fcr eine neue Generation im n\u00e4chsten Jahr zu sorgen.<\/p>\n<p class=\"paragraph_style_6\">Der genannte Wattflieder hat eine andere Strategie, um im extremen\u00a0Lebensraum Salzwiese zu \u00fcberleben. Er siedelt etwas h\u00f6her als der Queller und vertr\u00e4gt noch bis zu 150 \u00dcberflutungen pro Jahr. Als Schutz gegen Versalzung wendet er ein Entgiftungsprinzip an&#8230;<\/p>\n<p class=\"paragraph_style_7\"><strong>\u203a Sylt: bedr\u00e4ngt von vielen Seiten<a href=\"http:\/\/syltopia.natuerlichsylt.net\/wp-content\/uploads\/2015\/04\/S1210009.jpg\"><img loading=\"lazy\" decoding=\"async\" class=\"alignleft size-full wp-image-221\" src=\"http:\/\/syltopia.natuerlichsylt.net\/wp-content\/uploads\/2015\/04\/S1210009.jpg\" alt=\"S1210009\" width=\"264\" height=\"198\" \/><\/a><\/strong><br \/>\n<strong>Wassermassen nagen an der Insel<\/strong><\/p>\n<p class=\"paragraph_style_6\">Wenngleich in den Boulevardbl\u00e4ttern das Thema \u00bbSylt versinkt\u00ab meist extrem \u00fcberstra-paziert wird, so ist die Sorge von Insulanern und G\u00e4sten um ihre Insel durchaus berechtigt. Immerhin verl\u00f6re die Insel pro Jahr rund eineinhalb Millionen Kubikmeter ihrer Substanz, wenn nicht eingegriffen w\u00fcrde. Auf die Gesamtl\u00e4nge verteilt, w\u00e4ren das durchschnittlich eineinhalb Meter Sand und Kliff, die sich der \u00bbBlanke Hans\u00ab jedes Jahr von Sylt einverleiben w\u00fcrde.<a href=\"http:\/\/syltopia.natuerlichsylt.net\/wp-content\/uploads\/2015\/04\/sylt_0008.jpg\"><img loading=\"lazy\" decoding=\"async\" class=\" size-full wp-image-239 alignright\" src=\"http:\/\/syltopia.natuerlichsylt.net\/wp-content\/uploads\/2015\/04\/sylt_0008.jpg\" alt=\"sylt_0008\" width=\"259\" height=\"142\" \/><\/a><\/p>\n<p class=\"paragraph_style_6\">Im Grunde ist das nichts Neues, der Abbruchprozess setzte bereits vor\u00a0rund 7000 Jahren ein. Seitdem ist die Westk\u00fcste der Insel schon um 13\u00a0Kilometer nach Osten zur\u00fcckgedr\u00e4ngt worden. Damals bestand die Insel\u00a0noch aus ein paar rundlichen Geestkernen. Das zerriebene Material hat\u00a0sich dann im Laufe der Jahrtausende in Form von Sand mit den Haupt-str\u00f6mungen nach Norden und S\u00fcden verteilt und der Insel ihre typische Bananenform verliehen.<\/p>\n<p class=\"paragraph_style_6\">Neu ist die Geschwindigkeit des Landverlustes in den letzten Jahrzehnten. Allein in den vergangenen 50 Jahren st\u00fcrzten \u00fcber zweieinhalb Millionen Quadratmeter Inselfl\u00e4che ins Meer. Vor rund 100 Jahren betrug die durchschnittliche j\u00e4hrliche Abbruchrate nur 90 Zentimeter \u2013 s\u00fcdlich von\u00a0<span class=\"style_12\">H\u00f6rnum betr\u00e4gt sie heute bis zu 15 Meter. Die S\u00fcdspitze der Insel, bei Sturm das \u00bbwildeste St\u00fcckchen Deutschland\u00ab, hat sich seit den 1970er- Jahren um rund 700 Meter nach Norden verk\u00fcrzt&#8230;<\/span><span class=\"style_13\"><br \/>\n<\/span><\/p>\n<p class=\"paragraph_style_6\">\n<p class=\"paragraph_style_6\">\n<p class=\"paragraph_style_6\"><strong>Teil II: Die Wanderungen und Touren-alles im Detail<a href=\"http:\/\/syltopia.natuerlichsylt.net\/wp-content\/uploads\/2015\/04\/Innenseite-Cover-vorne.jpg\"><img loading=\"lazy\" decoding=\"async\" class=\" size-full wp-image-213 alignright\" src=\"http:\/\/syltopia.natuerlichsylt.net\/wp-content\/uploads\/2015\/04\/Innenseite-Cover-vorne.jpg\" alt=\"Innenseite Cover vorne\" width=\"400\" height=\"267\" srcset=\"https:\/\/www.syltopia.de\/wp-content\/uploads\/2015\/04\/Innenseite-Cover-vorne.jpg 400w, https:\/\/www.syltopia.de\/wp-content\/uploads\/2015\/04\/Innenseite-Cover-vorne-300x200.jpg 300w\" sizes=\"auto, (max-width: 400px) 100vw, 400px\" \/><\/a><\/strong><\/p>\n<div id=\"body_layer\">\n<div class=\"style_SkipStroke_2 shape-with-text flowDefining\">\n<div class=\"text-content style_External_390_931\">\n<div class=\"style_4\">\n<p class=\"paragraph_style_3\"><strong>Tour 2:<br \/>\nAb durch die Mitte:<\/strong><\/p>\n<p class=\"paragraph_style_3\"><strong>Die kleine Tour rund um den Inselkern<\/strong><span class=\"style_6\"><br \/>\n<\/span><\/p>\n<p class=\"paragraph_style_4\">Diese Route eignet sich besonders f\u00fcr halbe Tage. Sie f\u00fchrt ringf\u00f6rmig um das Sylter Flughafengel\u00e4nde und Gewerbegebiet im Kern der Insel. Von Westerland aus geht es \u00fcber Tinnum, Keitum, Munkmarsch, Braderup und zur\u00fcck. Ausgangspunkt ist der Westerl\u00e4nder Bahn-hofsvorplatz. Radeln Sie von hier aus nach S\u00fcden am Busbahnhof (ZOB) und der Tankstelle vorbei bis zu der Autowerkstatt an der Ecke Tinnumer Stra\u00dfe.<\/p>\n<p class=\"paragraph_style_5\"><strong>Tinnum<\/strong><\/p>\n<p class=\"paragraph_style_4\">Dort biegen Sie links ab und folgen der Tinnumer Stra\u00dfe, an der Neuapostolischen Kirche vorbei bis zum Borrigwai (Burgweg), der rechts abbiegt.<\/p>\n<p class=\"paragraph_style_4\">Er f\u00fchrt uns geradewegs zur Tinnum-Burg. Vorher halten wir aber nochmals kurz an der Ecke Deichweg, denn hier ist deutlich der alte Deich von 1826 zu sehen, der damals Westerland vor den \u00f6stlichen Fluten sch\u00fctzte.<\/p>\n<p class=\"paragraph_style_4\">Wenn wir in den unbefestigten Teil des Borrigwais hinunterrollen, ver-gegenw\u00e4rtigen wir uns, dass wir hier \u00fcber die Schwelle des \u00fcber 120 000 Jahre alten Westerl\u00e4nder Geestkerns in die alte Marsch fahren, die seit 1937 durch den Bau des N\u00f6ssedeichs vom Meer abgeschnitten ist.<\/p>\n<p class=\"paragraph_style_5\"><strong>Die Tinnum-Burg<\/strong><a href=\"http:\/\/syltopia.natuerlichsylt.net\/wp-content\/uploads\/2015\/04\/IMG.jpg\"><img loading=\"lazy\" decoding=\"async\" class=\" size-full wp-image-211 alignright\" src=\"http:\/\/syltopia.natuerlichsylt.net\/wp-content\/uploads\/2015\/04\/IMG.jpg\" alt=\"IMG\" width=\"260\" height=\"129\" \/><\/a><\/p>\n<p class=\"paragraph_style_4\">Was muss das bis 1937 f\u00fcr ein Bild gewesen sein, wenn bei Sturmfluten\u00a0die alte Ringwallanlage wie eine Trutzburg aus den Wellen schaute! Welchem Zweck das gr\u00f6\u00dfte Bauwerk der Insel aus der Zeit um Christi Geburt gedient hat, ist nicht ganz gekl\u00e4rt. Vermutlich war es zu Beginn ein sp\u00e4tgermanischerOpferplatz. Sicher ist, dass auch diese letzte der drei aufSylt ehemals vorhandenen Burgen seit ihrem Bestehen in unterschiedlichenZeitaltern immer wieder genutzt wurde, beispielsweise zur Wikingerzeit um 1000 n. Chr. Die damaligen Sylter erh\u00f6hten den Ringwall und legten im Innern einfache Sodenh\u00e4user und Herdstellen an. Auff\u00e4llig ist, dass alle von Arch\u00e4ologen untersuchten Ringwallanlagen, wie die Archsum-Burg oder die Lembergs-Burg auf F\u00f6hr, schon damals in sicherer Entfernung vom Meer unmittelbar am erh\u00f6hten Geestkern lagen&#8230;<\/p>\n<p class=\"paragraph_style_3\"><strong>Mein Lieblingsspaziergang in Munkmarsch<\/strong><\/p>\n<p class=\"paragraph_style_4\">Beim Gasthaus \u00bbZur M\u00fchle\u00ab nahe des Hafens beginnt ein\u00a0schmaler Wattweg, der durch die J\u00fckersmarsch bis nach Keitum\u00a0f\u00fchrt. Man \u00fcberquert eine sch\u00f6ne Holzbr\u00fccke, von der aus\u00a0man wunderbare Einblicke in eine nat\u00fcrliche Salzwiese und\u00a0ins Watt hat.<\/p>\n<p class=\"paragraph_style_3\">\n<p class=\"paragraph_style_3\"><strong>FFH-Gebiet D\u00fcnen und Heidelandschaft<a href=\"http:\/\/syltopia.natuerlichsylt.net\/wp-content\/uploads\/2015\/04\/shapeimage_2.png\"><img loading=\"lazy\" decoding=\"async\" class=\"alignleft size-full wp-image-234\" src=\"http:\/\/syltopia.natuerlichsylt.net\/wp-content\/uploads\/2015\/04\/shapeimage_2.png\" alt=\"shapeimage_2\" width=\"259\" height=\"159\" \/><\/a><\/strong><\/p>\n<p class=\"paragraph_style_3\"><strong>Nord- und Mittel-Sylt<\/strong><span class=\"style_8\"><br \/>\n<\/span><\/p>\n<p class=\"paragraph_style_4\">FFH bedeutet \u00bbFauna, Flora, Habitat\u00ab und ist eine wichtige europ\u00e4ische Schutzkategorie f\u00fcr Natur und Landschaft. Hier d\u00fcrfen keine stark ver\u00e4ndernden Eingriffe mehr erfolgen. Das Gebiet umfasst die 642 Hektar gro\u00dfenD\u00fcnen- und Heidebereiche zwischen Keitum und Kampen, inklusive jener auf dem Flughafengel\u00e4nde.<\/p>\n<p class=\"paragraph_style_4\">Der \u00fcber viele Jahrzehnte weitgehend ungenutzte milit\u00e4rische Bereich des Flughafens liegt am Rande der Landebahnen und des Marine-Golf-Clubs. Es handelt sich dabei um die \u00bbKeitumer Heide\u00ab \u2013 \u00fcberwiegend sich selbst \u00fcberlassene Fl\u00e4chen, zusammengesetzt aus trockener Heide, Trockenrasen, Gr\u00fcnland und Staudenfluren&#8230;<\/p>\n<\/div>\n<\/div>\n<\/div>\n<\/div>\n","protected":false},"excerpt":{"rendered":"<p>Teil I- \u00a0Beschreibung der Biotope, Geologisches und Geschichtliches Sonderthema: Die Sylter H\u00fcnengr\u00e4ber: Tempel der Ahnen Auf den drei nordfriesischen Inseln Sylt, Amrum und F\u00f6hr befanden sich fr\u00fcher so viele H\u00fcnengr\u00e4ber, dass Forscher von den \u00bbToteninseln\u00ab sprachen und annahmen, Bewohner des Festlandes h\u00e4tten ihre Verstorbenen hier aufwendig bestattet. Insgesamt konnten von\u00a0Wissenschaftlern des arch\u00e4ologischen Landesamtes und ihren [&hellip;]<\/p>\n","protected":false},"author":2,"featured_media":0,"parent":2,"menu_order":0,"comment_status":"open","ping_status":"open","template":"","meta":{"jetpack_post_was_ever_published":false,"footnotes":""},"class_list":["post-177","page","type-page","status-publish","hentry"],"jetpack_sharing_enabled":true,"jetpack_shortlink":"https:\/\/wp.me\/P5YYdk-2R","_links":{"self":[{"href":"https:\/\/www.syltopia.de\/index.php?rest_route=\/wp\/v2\/pages\/177","targetHints":{"allow":["GET"]}}],"collection":[{"href":"https:\/\/www.syltopia.de\/index.php?rest_route=\/wp\/v2\/pages"}],"about":[{"href":"https:\/\/www.syltopia.de\/index.php?rest_route=\/wp\/v2\/types\/page"}],"author":[{"embeddable":true,"href":"https:\/\/www.syltopia.de\/index.php?rest_route=\/wp\/v2\/users\/2"}],"replies":[{"embeddable":true,"href":"https:\/\/www.syltopia.de\/index.php?rest_route=%2Fwp%2Fv2%2Fcomments&post=177"}],"version-history":[{"count":11,"href":"https:\/\/www.syltopia.de\/index.php?rest_route=\/wp\/v2\/pages\/177\/revisions"}],"predecessor-version":[{"id":336,"href":"https:\/\/www.syltopia.de\/index.php?rest_route=\/wp\/v2\/pages\/177\/revisions\/336"}],"up":[{"embeddable":true,"href":"https:\/\/www.syltopia.de\/index.php?rest_route=\/wp\/v2\/pages\/2"}],"wp:attachment":[{"href":"https:\/\/www.syltopia.de\/index.php?rest_route=%2Fwp%2Fv2%2Fmedia&parent=177"}],"curies":[{"name":"wp","href":"https:\/\/api.w.org\/{rel}","templated":true}]}}