{"id":320,"date":"2015-04-10T15:28:37","date_gmt":"2015-04-10T13:28:37","guid":{"rendered":"http:\/\/syltopia.natuerlichsylt.net\/?page_id=320"},"modified":"2015-07-09T21:22:05","modified_gmt":"2015-07-09T19:22:05","slug":"320-2","status":"publish","type":"page","link":"https:\/\/www.syltopia.de\/?page_id=320","title":{"rendered":"INHALTSVERZEICHNIS"},"content":{"rendered":"<section class=\"av_textblock_section \"  itemscope=\"itemscope\" itemtype=\"https:\/\/schema.org\/CreativeWork\" ><div class='avia_textblock  '   itemprop=\"text\" ><p><strong>SYLTOPIA- die Doku-Fantasy<a href=\"https:\/\/www.syltopia.de\/wp-content\/uploads\/2015\/05\/Buch-Mockup-Vornehinten.png\"><img loading=\"lazy\" decoding=\"async\" class=\"alignright size-medium wp-image-374\" src=\"https:\/\/www.syltopia.de\/wp-content\/uploads\/2015\/05\/Buch-Mockup-Vornehinten-300x213.png\" alt=\"Buch-Mockup-Vorne&amp;hinten\" width=\"300\" height=\"213\" srcset=\"https:\/\/www.syltopia.de\/wp-content\/uploads\/2015\/05\/Buch-Mockup-Vornehinten-300x213.png 300w, https:\/\/www.syltopia.de\/wp-content\/uploads\/2015\/05\/Buch-Mockup-Vornehinten-450x319.png 450w, https:\/\/www.syltopia.de\/wp-content\/uploads\/2015\/05\/Buch-Mockup-Vornehinten-1030x730.png 1030w, https:\/\/www.syltopia.de\/wp-content\/uploads\/2015\/05\/Buch-Mockup-Vornehinten-1500x1063.png 1500w, https:\/\/www.syltopia.de\/wp-content\/uploads\/2015\/05\/Buch-Mockup-Vornehinten-260x185.png 260w, https:\/\/www.syltopia.de\/wp-content\/uploads\/2015\/05\/Buch-Mockup-Vornehinten-705x499.png 705w\" sizes=\"auto, (max-width: 300px) 100vw, 300px\" \/><\/a><\/strong><\/p>\n<p><strong>Total durchgenallt: Revolution auf\u00a0der Insel<\/strong><\/p>\n<p><b>Die Utopie:<\/b> weil diese Geschichte\u00a0 keine Science Fiction mit \u201efliegenden Untertassen\u201c und \u201eviolett\u00e4ugigen Monsterkrabben\u201c ist, sondern eine Menge guter Ideen angedacht werden, die \u00fcberwiegend im Keim schon existieren und nur etwas weiterentwickelt werden m\u00fcssten, um wahr zu werden. Eine Spinnerei im besten\u00a0 Wortsinn, die Leser anregen d\u00fcrfte, sich selbst Gedanken um die Zukunft von Sylt zu machen.<\/p>\n<p><b>Das Sachbuch:<\/b> weil mit der Erz\u00e4hlung, ganz nebenbei, zwischen den Zukunftsphantasien auch eine Menge Fakten zu Sylt und zur j\u00fcngsten Geschichte der Insel erkl\u00e4rt werden.<\/p>\n<p><b>Die Kom\u00f6die<\/b>: weil witzige und absurde Elemente den Leser schallend lachen lassen.<\/p>\n<p><b>Die Trag\u00f6die<\/b>: weil der Leser merkt, wie viel mehr Lebensqualit\u00e4t auf Sylt noch drin w\u00e4re und wie die M\u00f6glichkeit vom teils tragischen Ist-Zustand auf unsere Eiland<br \/>\nabweicht.<\/p>\n<p><b>Das \u00d6ko- und Gesundheitsbuch:<\/b> weil viel die Rede von Natur, \u00d6kotechnik und gesunder Er-n\u00e4hrung ist.<\/p>\n<p><b>Das<\/b> <b>psychologisch-spirituelles Buch:<\/b> Weil sowohl Hanna, als auch die ganze Insel eine tiefe Trans-formation erlebt, die im Innen und Aussen stattfindet und ganz neue Dimensionen er\u00f6ffnet.<\/p>\n<p><strong>INHALTSVERZEICHNIS<\/strong><br \/>\n<a href=\"http:\/\/syltopia.natuerlichsylt.net\/wp-content\/uploads\/2015\/04\/Buchtitel-syltopiaTechnik.tiff\"><img loading=\"lazy\" decoding=\"async\" class=\"alignleft size-medium wp-image-321\" src=\"http:\/\/syltopia.natuerlichsylt.net\/wp-content\/uploads\/2015\/04\/Buchtitel-syltopiaTechnik.tiff\" alt=\"Buchtitel syltopiaTechnik\" width=\"1\" height=\"1\" \/><\/a><a href=\"http:\/\/syltopia.natuerlichsylt.net\/wp-content\/uploads\/2015\/04\/Buchtitel-syltopiaTechnik.tiff\"><img loading=\"lazy\" decoding=\"async\" class=\"alignleft size-medium wp-image-321\" src=\"http:\/\/syltopia.natuerlichsylt.net\/wp-content\/uploads\/2015\/04\/Buchtitel-syltopiaTechnik.tiff\" alt=\"Buchtitel syltopiaTechnik\" width=\"1\" height=\"1\" \/><\/a><\/p>\n<ul>\n<li>Teil I\u00a07<\/li>\n<li>Prolog\u00a09<\/li>\n<li>Hanna Lundt 10<\/li>\n<li>Der Auftrag\u00a012<\/li>\n<li>Der Traumjob\u00a015<\/li>\n<li>Urdig\u00a028<\/li>\n<li>Die Reise\u00a030<\/li>\n<li>Die Landung\u00a037<\/li>\n<li>Das Treffen\u00a046<\/li>\n<li>R\u00fcckblick mit Grauen\u00a053<\/li>\n<li>Das energetische Feld\u00a066<\/li>\n<li>Das Kartell\u00a075<\/li>\n<li>Die Unber\u00fchrbaren\u00a078<\/li>\n<li>Der Eklat 83<\/li>\n<li>Die Schamanen\u00a087<\/li>\n<li>Die Pyramide\u00a0101<\/li>\n<li>Die Wende\u00a098<\/li>\n<li><\/li>\n<li>Teil II\u00a0105<\/li>\n<li>Abnabelung und Kl\u00e4rung\u00a0106<\/li>\n<li>RIF\u00a0114<\/li>\n<li>Tempel der Ahnen\u00a0119<\/li>\n<li>Munkmarscher Hafenromantik\u00a0122<\/li>\n<li>ZAS &amp; NOSCH\u00a0125<\/li>\n<li>NOSCH\u00b4s Speisekarte 130<\/li>\n<li>Treffpunkt der Priester\u00a0133<\/li>\n<li>Die Transformation\u00a0141<\/li>\n<li>Kinderk\u00fcnstlerkolonie Kampen\u00a0148<\/li>\n<li>Versinkt Sylt? 154<\/li>\n<li>Das gro\u00dfe Thing 160<\/li>\n<li>Wurzelschmerz 171<\/li>\n<li>Die Dynamische 177<\/li>\n<li>Chillax\u00a0183<\/li>\n<li>Zur\u00fcck im Heimathafen 186<\/li>\n<li>Reinen Wein 191<\/li>\n<li>Campus Sylt\u00a0197<\/li>\n<li>QLB 215<\/li>\n<li>Power Units\u00a0auf Hoher See\u00a0221<\/li>\n<li>Ausflug ins Uthland 234<\/li>\n<li>Die Entscheidung 247<\/li>\n<li>US-Super-Bowle 249<\/li>\n<li>Epilog 253<\/li>\n<li><\/li>\n<li>Anhang 255<\/li>\n<li>Nachwort des Autors 256<\/li>\n<li>Brandschutzklausel 258<\/li>\n<li>Dank 258<\/li>\n<li>Der Autor 259<\/li>\n<li>Anzeigen 260<\/li>\n<\/ul>\n<\/div><\/section>\n<div   class=\"togglecontainer   toggle_close_all  avia-builder-el-1  el_after_av_textblock  avia-builder-el-last \" >\n<section class=\"av_toggle_section\"  itemscope=\"itemscope\" itemtype=\"https:\/\/schema.org\/CreativeWork\"  >    <div role=\"tablist\" class=\"single_toggle\" data-tags=\"{Alle} \"  >        <p data-fake-id=\"#toggle-id-1\" class=\"toggler \"  itemprop=\"headline\"    role=\"tab\" tabindex=\"0\" aria-controls=\"toggle-id-1\">BUCH FAKTEN<span class=\"toggle_icon\" >        <span class=\"vert_icon\"><\/span><span class=\"hor_icon\"><\/span><\/span><\/p>        <div id=\"toggle-id-1\" class=\"toggle_wrap \"   >            <div class=\"toggle_content invers-color \"  itemprop=\"text\"   ><p><strong>Buch-Fakten<\/strong><\/p>\n<p class=\"Sidebar_Body\">DRUCK:\u00a0CPI-Claussen &amp; Bosse, Leck<\/p>\n<p class=\"Sidebar_Body\">VERARBEITUNG\u00a0: hochwertiges\u00a0Softcover mit Klappen<\/p>\n<p class=\"Sidebar_Body\"><span class=\"Bold\">MASSE\u00a0\u00a0\u00a0\u00a0<\/span>20 x 12 cm<a href=\"https:\/\/www.syltopia.de\/wp-content\/uploads\/2015\/05\/Buch-Mockup.jpg\"><img loading=\"lazy\" decoding=\"async\" class=\"alignright size-medium wp-image-439\" src=\"https:\/\/www.syltopia.de\/wp-content\/uploads\/2015\/05\/Buch-Mockup-221x300.jpg\" alt=\"Buch-Mockup\" width=\"221\" height=\"300\" srcset=\"https:\/\/www.syltopia.de\/wp-content\/uploads\/2015\/05\/Buch-Mockup-221x300.jpg 221w, https:\/\/www.syltopia.de\/wp-content\/uploads\/2015\/05\/Buch-Mockup-450x611.jpg 450w, https:\/\/www.syltopia.de\/wp-content\/uploads\/2015\/05\/Buch-Mockup-758x1030.jpg 758w, https:\/\/www.syltopia.de\/wp-content\/uploads\/2015\/05\/Buch-Mockup-519x705.jpg 519w, https:\/\/www.syltopia.de\/wp-content\/uploads\/2015\/05\/Buch-Mockup.jpg 1035w\" sizes=\"auto, (max-width: 221px) 100vw, 221px\" \/><\/a><span class=\"Bold\"><br \/>\n<\/span><\/p>\n<p class=\"Sidebar_Body\"><span class=\"Bold\">SEITEN<\/span>\u00a0\u00a0\u00a0 272<\/p>\n<p class=\"Sidebar_Body\"><span class=\"Bold\">PREIS<\/span>\u00a0 \u00a0 \u00a0 \u00a0 14,90 Euro<\/p>\n<p class=\"Sidebar_Body\"><span class=\"Bold\">VERLAG \u00a0 \u00a0ClarityProject\u00aeVerlag, Sylt<\/span><\/p>\n<p class=\"Sidebar_Body\"><span class=\"Bold\">ERSCHEINUNGSDATUM : Zur Sommersonnenwende,\u00a0Juni 2015<\/span><\/p>\n<p class=\"Sidebar_Body\"><span class=\"Bold\">ISBN<\/span>\u00a0\u00a0\u00a0978-3-00-049308-9<\/p>\n<p class=\"paragraph_style_10\">Um dem Umweltgedanken dieses Buches auch bei der Produktion gerecht zu werden, haben wir ausschlie\u00dflich FSC-zertifizierte Papiere verwendet. Der Druck erfolgte mit 100 Prozent \u00d6kostrom und dem errechneten CO2-Aussto\u00df wurde durch F\u00f6rderung von Klimaschutzprojekten in Schleswig-Holstein Rechnung getragen.<\/p>\n<p class=\"paragraph_style_10\">ClarityProject\u00aeVerlag, Sylt<\/p>\n            <\/div>        <\/div>    <\/div><\/section>\n<\/div>\n","protected":false},"excerpt":{"rendered":"","protected":false},"author":2,"featured_media":0,"parent":23,"menu_order":0,"comment_status":"open","ping_status":"open","template":"","meta":{"jetpack_post_was_ever_published":false,"footnotes":""},"class_list":["post-320","page","type-page","status-publish","hentry"],"jetpack_sharing_enabled":true,"jetpack_shortlink":"https:\/\/wp.me\/P5YYdk-5a","_links":{"self":[{"href":"https:\/\/www.syltopia.de\/index.php?rest_route=\/wp\/v2\/pages\/320","targetHints":{"allow":["GET"]}}],"collection":[{"href":"https:\/\/www.syltopia.de\/index.php?rest_route=\/wp\/v2\/pages"}],"about":[{"href":"https:\/\/www.syltopia.de\/index.php?rest_route=\/wp\/v2\/types\/page"}],"author":[{"embeddable":true,"href":"https:\/\/www.syltopia.de\/index.php?rest_route=\/wp\/v2\/users\/2"}],"replies":[{"embeddable":true,"href":"https:\/\/www.syltopia.de\/index.php?rest_route=%2Fwp%2Fv2%2Fcomments&post=320"}],"version-history":[{"count":19,"href":"https:\/\/www.syltopia.de\/index.php?rest_route=\/wp\/v2\/pages\/320\/revisions"}],"predecessor-version":[{"id":556,"href":"https:\/\/www.syltopia.de\/index.php?rest_route=\/wp\/v2\/pages\/320\/revisions\/556"}],"up":[{"embeddable":true,"href":"https:\/\/www.syltopia.de\/index.php?rest_route=\/wp\/v2\/pages\/23"}],"wp:attachment":[{"href":"https:\/\/www.syltopia.de\/index.php?rest_route=%2Fwp%2Fv2%2Fmedia&parent=320"}],"curies":[{"name":"wp","href":"https:\/\/api.w.org\/{rel}","templated":true}]}}